{"id":107,"date":"2018-04-17T18:51:50","date_gmt":"2018-04-17T16:51:50","guid":{"rendered":"http:\/\/www.amthermic.fr\/?page_id=107"},"modified":"2018-10-23T22:23:51","modified_gmt":"2018-10-23T20:23:51","slug":"notre-activite","status":"publish","type":"page","link":"https:\/\/www.amthermic.fr\/index.php\/notre-activite\/","title":{"rendered":"Notre activit\u00e9"},"content":{"rendered":"<div id=\"pl-107\"  class=\"panel-layout\" ><div id=\"pg-107-0\"  class=\"panel-grid panel-no-style\" ><div id=\"pgc-107-0-0\"  class=\"panel-grid-cell\" ><div id=\"panel-107-0-0-0\" class=\"so-panel widget widget_sow-editor panel-first-child panel-last-child\" data-index=\"0\" ><div class=\"panel-widget-style panel-widget-style-for-107-0-0-0\" ><div class=\"so-widget-sow-editor so-widget-sow-editor-base\">\n<div class=\"siteorigin-widget-tinymce textwidget\">\n\t<h3 class=\"western\"><strong><span style=\"color: #ef6721;\">MISE EN SERVICE<\/span><\/strong><\/h3>\n<p><span style=\"color: #000000;\">L\u2019ensemble des mat\u00e9riels et \u00e9quipements install\u00e9 par un professionnel est garanti par le constructeur pendant une dur\u00e9e variable qui court \u00e0 partir de la date de facturation. La mise en service effectu\u00e9e par une <\/span><strong><span style=\"color: #000000;\">station technique<\/span><\/strong><span style=\"color: #000000;\"> ou un <\/span><strong><span style=\"color: #000000;\">installateur<\/span><\/strong> <strong><span style=\"color: #000000;\">agr\u00e9\u00e9 <\/span><\/strong><span style=\"color: #000000;\">entra\u00eene g\u00e9n\u00e9ralement des <\/span><strong><span style=\"color: #000000;\">extensions de garantie<\/span><\/strong><span style=\"color: #000000;\">.<\/span><\/p>\n<p><span style=\"color: #000000;\">La formation continue aux nouvelles technologies par les fabricants assure un service toujours plus pointus.<\/span><\/p>\n<p><span style=\"color: #000000;\">Lors d'une mise en service des conseils et explications vous sont donn\u00e9es pour le bon fonctionnement de votre \u00e9quipement et de votre installation afin de les utiliser dans les meilleurs conditions.<\/span><\/p>\n<p>&nbsp;<\/p>\n<h3 class=\"western\"><strong><span style=\"color: #ef6721;\">ENTRETIEN<\/span><\/strong><\/h3>\n<p><span style=\"color: #000000;\">Chaudi\u00e8re gaz ou fioul,\u00a0 syst\u00e8me de r\u00e9gulation eau chaude ou chauffage, syst\u00e8me de chauffage par plancher chauffant, radiateur ou air souffl\u00e9, ventilation individuelle ou collective, pompes de relevage ou de puits, r\u00e9cup\u00e9ration des eaux de pluies\u00a0 ...<\/span><\/p>\n<p><span style=\"color: #000000;\">en mati\u00e8re de confort, seul un entretien r\u00e9gulier, effectu\u00e9 par un professionnel qualifi\u00e9, peut garantir \u00e0 vos installations bon fonctionnement, rendement et long\u00e9vit\u00e9.<\/span><\/p>\n<p><span style=\"color: #000000;\">Un entretien r\u00e9gulier effectu\u00e9 par un professionnel qualifi\u00e9 rend p\u00e9renne votre installation en limitant les co\u00fbts et peut garantir \u00e0 vos installations bon fonctionnement, rendement et long\u00e9vit\u00e9.<\/span><\/p>\n<p><span style=\"color: #000000;\">Un syst\u00e8me bien entretenu limite fortement les pannes.<\/span><\/p>\n<p>&nbsp;<\/p>\n<h3 class=\"western\"><strong><span style=\"color: #ef6721;\">D\u00c9PANNAGE<\/span><\/strong><\/h3>\n<p><span style=\"color: #000000;\">Plomberie, chauffage, \u00e9lectricit\u00e9, sont les grands domaines dans lesquels les pannes peuvent avoir des cons\u00e9quences f\u00e2cheuses, voir d\u00e9sagr\u00e9ables.<\/span><\/p>\n<p><span style=\"color: #000000;\">Elles surviennent la plus-part du temps une veille de week-end, lors de r\u00e9ception d'invit\u00e9s ou par grand froid mais surtout jamais au bon moment.<\/span><\/p>\n<p><span style=\"color: #000000;\">Le d\u00e9pannage est un travail d'expert qui demande des comp\u00e9tences techniques et de la rigueur cela ne s'improvise pas.<\/span><\/p>\n<p><span style=\"color: #000000;\">D\u00e9s votre appel t\u00e9l\u00e9phonique une premi\u00e8re analyse sera faite et le degr\u00e9 d'urgence sera \u00e9valuer pour d\u00e9clencher la prestation de d\u00e9pannage appropri\u00e9e.<\/span><\/p>\n<p><strong><span style=\"color: #000000;\">Le d\u00e9pannage, c\u2019est aussi mettre en place des solutions p\u00e9rennes <\/span><\/strong><\/p>\n<p><span style=\"color: #000000;\">Ma vocation est de vous apportez des solutions durables. Un d\u00e9pannage qui comme son nom l\u2019indique se limite \u00e0 r\u00e9parer une panne qui pourra dans certains cas donner lieu \u00e0 l\u2019\u00e9tablissement d\u2019un devis afin de proposer une solution p\u00e9renne \u00e0 votre probl\u00e8me, par le remplacement d\u2019une pi\u00e8ce ou d\u2019un appareil.<\/span><\/p>\n<p><span style=\"color: #000000;\">En d\u00e9pannage comme ailleurs, je souhaite toujours assurer de fa\u00e7on durable la satisfaction du client.<\/span><\/p>\n<p>&nbsp;<\/p>\n<h3 class=\"western\"><strong><span style=\"color: #ef6721;\">TRAVAUX D'INSTALLATION OU DE MODIFICATION DE R\u00c9SEAU<\/span><\/strong><\/h3>\n<p><span style=\"color: #000000;\">Vous cr\u00e9ez une extension, vous modifiez votre salle de bain, vous am\u00e9nagez votre garage en pi\u00e8ce de vie, de petit travaux en plomberie, chauffage et \u00e9lectricit\u00e9 sont a r\u00e9aliser. Nos comp\u00e9tences dans la r\u00e9novation de l'habitat sont la pour vous aidez.<\/span><\/p>\n<\/div>\n<\/div><\/div><\/div><\/div><\/div><\/div>","protected":false},"excerpt":{"rendered":"<p>MISE EN SERVICE L\u2019ensemble des mat\u00e9riels et \u00e9quipements install\u00e9 par un professionnel est garanti par le constructeur pendant une dur\u00e9e variable qui court \u00e0 partir de la date de facturation. La mise en service effectu\u00e9e par une station technique ou un installateur agr\u00e9\u00e9 entra\u00eene g\u00e9n\u00e9ralement des extensions de garantie. La formation continue aux nouvelles technologies [&hellip;]<\/p>\n","protected":false},"author":1,"featured_media":0,"parent":0,"menu_order":0,"comment_status":"closed","ping_status":"closed","template":"","meta":[],"_links":{"self":[{"href":"https:\/\/www.amthermic.fr\/index.php\/wp-json\/wp\/v2\/pages\/107"}],"collection":[{"href":"https:\/\/www.amthermic.fr\/index.php\/wp-json\/wp\/v2\/pages"}],"about":[{"href":"https:\/\/www.amthermic.fr\/index.php\/wp-json\/wp\/v2\/types\/page"}],"author":[{"embeddable":true,"href":"https:\/\/www.amthermic.fr\/index.php\/wp-json\/wp\/v2\/users\/1"}],"replies":[{"embeddable":true,"href":"https:\/\/www.amthermic.fr\/index.php\/wp-json\/wp\/v2\/comments?post=107"}],"version-history":[{"count":13,"href":"https:\/\/www.amthermic.fr\/index.php\/wp-json\/wp\/v2\/pages\/107\/revisions"}],"predecessor-version":[{"id":568,"href":"https:\/\/www.amthermic.fr\/index.php\/wp-json\/wp\/v2\/pages\/107\/revisions\/568"}],"wp:attachment":[{"href":"https:\/\/www.amthermic.fr\/index.php\/wp-json\/wp\/v2\/media?parent=107"}],"curies":[{"name":"wp","href":"https:\/\/api.w.org\/{rel}","templated":true}]}}