{"id":151,"date":"2018-05-25T20:37:35","date_gmt":"2018-05-25T18:37:35","guid":{"rendered":"http:\/\/www.amthermic.fr\/index.php\/page-daccueil\/"},"modified":"2022-02-16T21:14:03","modified_gmt":"2022-02-16T20:14:03","slug":"page-daccueil","status":"publish","type":"page","link":"https:\/\/www.amthermic.fr\/","title":{"rendered":"Page d\u2019accueil"},"content":{"rendered":"<div id=\"pl-151\"  class=\"panel-layout\" ><div id=\"pg-151-0\"  class=\"panel-grid panel-no-style\" ><div id=\"pgc-151-0-0\"  class=\"panel-grid-cell panel-grid-cell-empty\" ><\/div><div id=\"pgc-151-0-1\"  class=\"panel-grid-cell\" ><\/div><div id=\"pgc-151-0-2\"  class=\"panel-grid-cell\" ><div id=\"panel-151-0-2-0\" class=\"so-panel widget widget_sow-social-media-buttons panel-first-child panel-last-child\" data-index=\"1\" ><div class=\"panel-widget-style panel-widget-style-for-151-0-2-0\" ><div class=\"so-widget-sow-social-media-buttons so-widget-sow-social-media-buttons-flat-f1af790f2039-151\">\n\n<div class=\"social-media-button-container\">\n\t\n\t\t<a class=\"ow-button-hover sow-social-media-button-facebook-0 sow-social-media-button\" title=\" sur Facebook\" aria-label=\" sur Facebook\" target=\"_blank\" rel=\"noopener noreferrer\" href=\"https:\/\/www.facebook.com\/SAVamthermic\/\" >\n\t\t\t<span>\n\t\t\t\t\t\t\t\t<span class=\"sow-icon-fontawesome sow-fab\" data-sow-icon=\"&#xf39e;\"\n\t\t ><\/span>\t\t\t\t\t\t\t<\/span>\n\t\t<\/a>\n\t<\/div>\n<\/div><\/div><\/div><\/div><\/div><div id=\"pg-151-1\"  class=\"panel-grid panel-no-style\" ><div id=\"pgc-151-1-0\"  class=\"panel-grid-cell\" ><div id=\"panel-151-1-0-0\" class=\"so-panel widget widget_black-studio-tinymce widget_black_studio_tinymce panel-first-child panel-last-child\" data-index=\"2\" ><div class=\"textwidget\"><h2 class=\"western\"><strong><span style=\"color: #ef6721;\">Votre chauffagiste sur l'axe Rennes Dinan et ses environs<\/span><\/strong><\/h2>\n<p>&nbsp;<\/p>\n<p><span style=\"color: #000000;\"><span style=\"font-size: large;\">Anthony Maintenance Thermic votre sp\u00e9cialiste de la maintenance et du d\u00e9pannage.<\/span><\/span><\/p>\n<p><span style=\"color: #000000;\"><span style=\"font-size: large;\">Je mets mes comp\u00e9tences et mon exp\u00e9rience de plus de 20 ans \u00e0 votre service, afin d\u2019entretenir et de d\u00e9panner votre installation de chauffage, de plomberie et d'\u00e9lectricit\u00e9. <\/span><\/span><\/p>\n<p><span style=\"color: #000000;\"><span style=\"font-size: large;\">Vous \u00eates un particulier, un professionnel ou une collectivit\u00e9\u00a0 plusieurs services sont mis \u00e0 votre disposition:<\/span><\/span><\/p>\n<p>&nbsp;<\/p>\n<ul>\n<li><span style=\"color: #000000;\"><span style=\"font-size: large;\">D\u00e9pannage plomberie, chauffage et \u00e9lectricit\u00e9<\/span><\/span><\/li>\n<li><span style=\"color: #000000;\"><span style=\"font-size: large;\">D\u00e9pannage, remplacement de chauffe-eau \u00e9lectriques<\/span><\/span><\/li>\n<li><span style=\"color: #000000;\"><span style=\"font-size: large;\">Contrat d'entretien chaudi\u00e8re Gaz, Fioul<br \/>\n<\/span><\/span><\/li>\n<li><span style=\"color: #000000;\"><span style=\"font-size: large;\">Entretien et d\u00e9pannage de chaudi\u00e8res gaz<\/span><\/span><\/li>\n<li><span style=\"color: #000000;\"><span style=\"font-size: large;\">Entretien et d\u00e9pannage de chaudi\u00e8res fioul<\/span><\/span><\/li>\n<li><span style=\"color: #000000;\"><span style=\"font-size: large;\">Entretien et d\u00e9pannage de chaudi\u00e8res \u00e0 condensation<\/span><\/span><\/li>\n<li><span style=\"color: #000000;\"><span style=\"font-size: large;\">Entretien et d\u00e9pannage de chauffe-eau gaz<\/span><\/span><\/li>\n<li><span style=\"color: #000000;\"><span style=\"font-size: large;\">Entretien et d\u00e9pannage des a\u00e9rothermes gaz et aiguilles chauffantes<\/span><\/span><\/li>\n<li><span style=\"color: #000000;\"><span style=\"font-size: large;\">Entretien et d\u00e9pannage des installations solaires eau hydraulique<\/span><\/span><\/li>\n<li><span style=\"color: #000000;\"><span style=\"font-size: large;\">D\u00e9sembouage des circuits de radiateurs en PER et plancher chauffant<\/span><\/span><\/li>\n<li><span style=\"color: #000000;\"><span style=\"font-size: large;\">Entretien et d\u00e9pannage des groupes VMC (simple et double flux)<\/span><\/span><\/li>\n<li><span style=\"color: #000000;\"><span style=\"font-size: large;\">Entretien d\u00e9pannage des syst\u00e8mes de pompe de puits, de r\u00e9cup\u00e9rateurs des eaux de pluie et de relevage.<\/span><\/span><\/li>\n<li><span style=\"color: #000000;\"><span style=\"font-size: large;\">Petits travaux d'installation en plomberie, chauffage et \u00e9lectricit\u00e9<\/span><\/span><\/li>\n<\/ul>\n<p>&nbsp;<\/p>\n<p><span style=\"color: #000000;\"><span style=\"font-size: large;\">Pour tous renseignements ou questions je suis \u00e0 votre \u00e9coute pour vous proposez une solution rapide et efficace.<\/span><\/span><\/p>\n<p>&nbsp;<\/p>\n<p style=\"text-align: left;\">Mr Anthony Malinge<\/p>\n<p>&nbsp;<\/p>\n<p>&nbsp;<\/p>\n<\/div><\/div><\/div><\/div><div id=\"pg-151-2\"  class=\"panel-grid panel-no-style\" ><div id=\"pgc-151-2-0\"  class=\"panel-grid-cell\" ><div id=\"panel-151-2-0-0\" class=\"so-panel widget widget_sow-button panel-first-child panel-last-child\" data-index=\"3\" ><div class=\"so-widget-sow-button so-widget-sow-button-atom-a9f9c795fdda-151\"><div class=\"ow-button-base ow-button-align-center\">\n\t<a href=\"https:\/\/www.amthermic.fr\/index.php\/contact\/\" class=\"ow-icon-placement-left ow-button-hover\" \t\t>\n\t\t<span>\n\t\t\t<span class=\"sow-icon-ionicons\" data-sow-icon=\"&#xf422;\"\n\t\tstyle=\"color: #ef6721\" ><\/span>\n\t\t\tCONTACTEZ NOUS !\t\t<\/span>\n\t<\/a>\n<\/div>\n<\/div><\/div><\/div><\/div><div id=\"pg-151-3\"  class=\"panel-grid panel-no-style\" ><div id=\"pgc-151-3-0\"  class=\"panel-grid-cell\" ><div id=\"panel-151-3-0-0\" class=\"so-panel widget widget_black-studio-tinymce widget_black_studio_tinymce panel-first-child panel-last-child\" data-index=\"4\" ><div class=\"textwidget\"><h3><\/h3>\n<p>&nbsp;<\/p>\n<h3 style=\"text-align: center;\"><span style=\"color: #000000;\">MARQUES ENTRETENUES<\/span><\/h3>\n<h5 style=\"text-align: center;\"><span style=\"color: #000000;\">AmThermic vous assure une grande diversit\u00e9 sur les marques entretenues, quelques exemples ci-dessous.<\/span><\/h5>\n<p><img class=\"alignnone size-full wp-image-272\" src=\"https:\/\/www.amthermic.fr\/wp-content\/uploads\/2018\/08\/Atlantic-e1535387335757.png\" alt=\"\" width=\"150\" height=\"82\" \/> <img class=\"alignnone size-full wp-image-273\" src=\"https:\/\/www.amthermic.fr\/wp-content\/uploads\/2018\/08\/Chaffoteaux-e1535387322205.png\" alt=\"\" width=\"150\" height=\"82\" \/> <img class=\"alignnone size-full wp-image-274\" src=\"https:\/\/www.amthermic.fr\/wp-content\/uploads\/2018\/08\/Chapee-e1535387311359.png\" alt=\"\" width=\"150\" height=\"82\" \/> <img class=\"alignnone size-full wp-image-275\" src=\"https:\/\/www.amthermic.fr\/wp-content\/uploads\/2018\/08\/De-dietrich-e1535387297929.png\" alt=\"\" width=\"150\" height=\"82\" \/> <img class=\"alignnone size-full wp-image-276\" src=\"https:\/\/www.amthermic.fr\/wp-content\/uploads\/2018\/08\/Elm-e1535387288305.png\" alt=\"\" width=\"150\" height=\"82\" \/> <img class=\"alignnone size-full wp-image-278\" src=\"https:\/\/www.amthermic.fr\/wp-content\/uploads\/2018\/08\/Ferroli-e1535387278250.png\" alt=\"\" width=\"150\" height=\"82\" \/> <img class=\"alignnone size-full wp-image-279\" src=\"https:\/\/www.amthermic.fr\/wp-content\/uploads\/2018\/08\/Frisquet-e1535387267861.png\" alt=\"\" width=\"150\" height=\"82\" \/> <img class=\"alignnone size-full wp-image-280\" src=\"https:\/\/www.amthermic.fr\/wp-content\/uploads\/2018\/08\/Riello-e1535387256315.png\" alt=\"\" width=\"150\" height=\"82\" \/> <img class=\"alignnone size-full wp-image-282\" src=\"https:\/\/www.amthermic.fr\/wp-content\/uploads\/2018\/08\/Vaillant-e1535387247137.png\" alt=\"\" width=\"150\" height=\"82\" \/> <img class=\"alignnone size-full wp-image-281\" src=\"https:\/\/www.amthermic.fr\/wp-content\/uploads\/2018\/08\/Saulnier-duval-e1535387236669.png\" alt=\"\" width=\"150\" height=\"82\" \/> <img class=\"alignnone size-full wp-image-283\" src=\"https:\/\/www.amthermic.fr\/wp-content\/uploads\/2018\/08\/Viessman-e1535387218598.png\" alt=\"\" width=\"150\" height=\"82\" \/> <img class=\"alignnone size-full wp-image-284\" src=\"https:\/\/www.amthermic.fr\/wp-content\/uploads\/2018\/08\/Weishaupt-e1535387207401.png\" alt=\"\" width=\"150\" height=\"82\" \/><img class=\"alignleft size-full wp-image-288\" src=\"https:\/\/www.amthermic.fr\/wp-content\/uploads\/2018\/08\/tempexeltec-e1535391193944.png\" alt=\"\" width=\"150\" height=\"82\" \/><\/p>\n<\/div><\/div><\/div><\/div><\/div>","protected":false},"excerpt":{"rendered":"<p>Votre chauffagiste sur l&rsquo;axe Rennes Dinan et ses environs &nbsp; Anthony Maintenance Thermic votre sp\u00e9cialiste de la maintenance et du d\u00e9pannage. Je mets mes comp\u00e9tences et mon exp\u00e9rience de plus de 20 ans \u00e0 votre service, afin d\u2019entretenir et de d\u00e9panner votre installation de chauffage, de plomberie et d&rsquo;\u00e9lectricit\u00e9. Vous \u00eates un particulier, un professionnel [&hellip;]<\/p>\n","protected":false},"author":1,"featured_media":0,"parent":0,"menu_order":0,"comment_status":"closed","ping_status":"closed","template":"home-panels.php","meta":[],"_links":{"self":[{"href":"https:\/\/www.amthermic.fr\/index.php\/wp-json\/wp\/v2\/pages\/151"}],"collection":[{"href":"https:\/\/www.amthermic.fr\/index.php\/wp-json\/wp\/v2\/pages"}],"about":[{"href":"https:\/\/www.amthermic.fr\/index.php\/wp-json\/wp\/v2\/types\/page"}],"author":[{"embeddable":true,"href":"https:\/\/www.amthermic.fr\/index.php\/wp-json\/wp\/v2\/users\/1"}],"replies":[{"embeddable":true,"href":"https:\/\/www.amthermic.fr\/index.php\/wp-json\/wp\/v2\/comments?post=151"}],"version-history":[{"count":78,"href":"https:\/\/www.amthermic.fr\/index.php\/wp-json\/wp\/v2\/pages\/151\/revisions"}],"predecessor-version":[{"id":1418,"href":"https:\/\/www.amthermic.fr\/index.php\/wp-json\/wp\/v2\/pages\/151\/revisions\/1418"}],"wp:attachment":[{"href":"https:\/\/www.amthermic.fr\/index.php\/wp-json\/wp\/v2\/media?parent=151"}],"curies":[{"name":"wp","href":"https:\/\/api.w.org\/{rel}","templated":true}]}}