{"id":586,"date":"2018-12-07T21:41:01","date_gmt":"2018-12-07T20:41:01","guid":{"rendered":"https:\/\/www.amthermic.fr\/?page_id=586"},"modified":"2018-12-08T21:32:27","modified_gmt":"2018-12-08T20:32:27","slug":"paiement-en-ligne","status":"publish","type":"page","link":"https:\/\/www.amthermic.fr\/index.php\/paiement-en-ligne\/","title":{"rendered":"Paiement en ligne"},"content":{"rendered":"\n<p><\/p>\n\n\n\n<p style=\"text-align:center\" class=\"has-text-color has-normal-font-size has-very-dark-gray-color\"><br><strong>Payer facilement votre facture gr\u00e2ce au site s\u00e9curis\u00e9 Paypal ou avec votre carte bancaire sans obligation d&rsquo;inscription.<\/strong><\/p>\n\n\n\n<p><\/p>\n\n\n\n<form action=\"https:\/\/www.paypal.com\/cgi-bin\/webscr\" method=\"post\" target=\"_top\">\n<p><input name=\"cmd\" type=\"hidden\" value=\"_s-xclick\"><\/p>\n<p style=\"text-align: left;\"><br><input name=\"hosted_button_id\" type=\"hidden\" value=\"A3TNSC39TZD7N\"><\/p>\n<figure><img loading=\"lazy\" class=\"aligncenter\" src=\"https:\/\/www.paypalobjects.com\/fr_FR\/i\/scr\/pixel.gif\" alt=\"\" width=\"2\" height=\"2\" border=\"0\"><\/figure><p style=\"text-align: center;\"><br>&nbsp;<input alt=\"PayPal, le r\u00e9flexe s\u00e9curit\u00e9 pour payer en ligne\" name=\"submit\" src=\"https:\/\/www.paypalobjects.com\/fr_FR\/FR\/i\/btn\/btn_paynowCC_LG.gif\" type=\"image\"><br><\/p>\n<\/form>\n\n\n\n<p style=\"text-align:center\" class=\"has-text-color has-normal-font-size has-very-dark-gray-color\"><strong>Renseigner votre num\u00e9ro de facture et son montant puis valider votre moyen de paiement.<\/strong><\/p>\n\n\n\n<div class=\"wp-block-image\"><figure class=\"aligncenter\"><img loading=\"lazy\" width=\"486\" height=\"526\" src=\"https:\/\/www.amthermic.fr\/wp-content\/uploads\/2018\/12\/Exemple_paypal-1.png\" alt=\"\" class=\"wp-image-658\" srcset=\"https:\/\/www.amthermic.fr\/wp-content\/uploads\/2018\/12\/Exemple_paypal-1.png 486w, https:\/\/www.amthermic.fr\/wp-content\/uploads\/2018\/12\/Exemple_paypal-1-277x300.png 277w\" sizes=\"(max-width: 486px) 100vw, 486px\" \/><\/figure><\/div>\n","protected":false},"excerpt":{"rendered":"<p>Payer facilement votre facture gr\u00e2ce au site s\u00e9curis\u00e9 Paypal ou avec votre carte bancaire sans obligation d&rsquo;inscription. &nbsp; Renseigner votre num\u00e9ro de facture et son montant puis valider votre moyen de paiement.<\/p>\n","protected":false},"author":1,"featured_media":0,"parent":0,"menu_order":0,"comment_status":"closed","ping_status":"closed","template":"","meta":[],"_links":{"self":[{"href":"https:\/\/www.amthermic.fr\/index.php\/wp-json\/wp\/v2\/pages\/586"}],"collection":[{"href":"https:\/\/www.amthermic.fr\/index.php\/wp-json\/wp\/v2\/pages"}],"about":[{"href":"https:\/\/www.amthermic.fr\/index.php\/wp-json\/wp\/v2\/types\/page"}],"author":[{"embeddable":true,"href":"https:\/\/www.amthermic.fr\/index.php\/wp-json\/wp\/v2\/users\/1"}],"replies":[{"embeddable":true,"href":"https:\/\/www.amthermic.fr\/index.php\/wp-json\/wp\/v2\/comments?post=586"}],"version-history":[{"count":26,"href":"https:\/\/www.amthermic.fr\/index.php\/wp-json\/wp\/v2\/pages\/586\/revisions"}],"predecessor-version":[{"id":684,"href":"https:\/\/www.amthermic.fr\/index.php\/wp-json\/wp\/v2\/pages\/586\/revisions\/684"}],"wp:attachment":[{"href":"https:\/\/www.amthermic.fr\/index.php\/wp-json\/wp\/v2\/media?parent=586"}],"curies":[{"name":"wp","href":"https:\/\/api.w.org\/{rel}","templated":true}]}}