{"id":594,"date":"2018-12-06T23:38:12","date_gmt":"2018-12-06T22:38:12","guid":{"rendered":"https:\/\/www.amthermic.fr\/?page_id=594"},"modified":"2018-12-06T23:38:13","modified_gmt":"2018-12-06T22:38:13","slug":"transaction-annulee","status":"publish","type":"page","link":"https:\/\/www.amthermic.fr\/index.php\/transaction-annulee\/","title":{"rendered":"Transaction Annul\u00e9e"},"content":{"rendered":"\n<p>La transaction \u00e0 \u00e9t\u00e9 int\u00e9rompue avant sa finalit\u00e9. <\/p>\n\n\n\n<p>La paiement n&rsquo;a pu \u00eatre \u00e9ffectu\u00e9.<br><\/p>\n\n\n\n<p> <\/p>\n\n\n\n<p>Merci de bien vouloir recommencer.<br><\/p>\n","protected":false},"excerpt":{"rendered":"<p>La transaction \u00e0 \u00e9t\u00e9 int\u00e9rompue avant sa finalit\u00e9. La paiement n&rsquo;a pu \u00eatre \u00e9ffectu\u00e9. Merci de bien vouloir recommencer.<\/p>\n","protected":false},"author":1,"featured_media":0,"parent":0,"menu_order":0,"comment_status":"closed","ping_status":"closed","template":"","meta":[],"_links":{"self":[{"href":"https:\/\/www.amthermic.fr\/index.php\/wp-json\/wp\/v2\/pages\/594"}],"collection":[{"href":"https:\/\/www.amthermic.fr\/index.php\/wp-json\/wp\/v2\/pages"}],"about":[{"href":"https:\/\/www.amthermic.fr\/index.php\/wp-json\/wp\/v2\/types\/page"}],"author":[{"embeddable":true,"href":"https:\/\/www.amthermic.fr\/index.php\/wp-json\/wp\/v2\/users\/1"}],"replies":[{"embeddable":true,"href":"https:\/\/www.amthermic.fr\/index.php\/wp-json\/wp\/v2\/comments?post=594"}],"version-history":[{"count":2,"href":"https:\/\/www.amthermic.fr\/index.php\/wp-json\/wp\/v2\/pages\/594\/revisions"}],"predecessor-version":[{"id":596,"href":"https:\/\/www.amthermic.fr\/index.php\/wp-json\/wp\/v2\/pages\/594\/revisions\/596"}],"wp:attachment":[{"href":"https:\/\/www.amthermic.fr\/index.php\/wp-json\/wp\/v2\/media?parent=594"}],"curies":[{"name":"wp","href":"https:\/\/api.w.org\/{rel}","templated":true}]}}