{"id":720,"date":"2019-09-29T13:12:48","date_gmt":"2019-09-29T11:12:48","guid":{"rendered":"https:\/\/www.amthermic.fr\/?page_id=720"},"modified":"2019-09-29T13:12:48","modified_gmt":"2019-09-29T11:12:48","slug":"mentions-legales","status":"publish","type":"page","link":"https:\/\/www.amthermic.fr\/index.php\/mentions-legales\/","title":{"rendered":"Mentions L\u00e9gales"},"content":{"rendered":"<div class=\"span9\">\n<p><strong>\u00c9dition du site<\/strong><br \/>\n<em>AmThermic<\/em> est un site internet d\u00e9velopp\u00e9 et r\u00e9alis\u00e9 par la soci\u00e9t\u00e9 <em>AmThermic SARL<\/em> (soci\u00e9t\u00e9 \u00e0 responsabilit\u00e9 limit\u00e9e) au capital de 2000.00 Euros, immatricul\u00e9e au Registre du Commerce et des Soci\u00e9t\u00e9s de Rennes sous le num\u00e9ro Rennes 843 410 069 000 10.<\/p>\n<p>Coordonn\u00e9es : AmThermic &#8211; 1 rue de Montauban 35360 Landujan<\/p>\n<p><strong>H\u00e9bergement<\/strong><\/p>\n<p>Ce site est h\u00e9berg\u00e9 par la soci\u00e9t\u00e9 OVH, SAS au capital de 10 000 000 \u20ac, RCS Roubaix &#8211; Tourcoing 424 761 419 00045<\/p>\n<p><strong>Donn\u00e9es personnelles<\/strong><\/p>\n<p><em>AmThermic<\/em> ne collecte aucune donn\u00e9e nominative \u00e0 votre insu. Aucune information personnelle n&rsquo;est c\u00e9d\u00e9e \u00e0 des tiers. <em>AmThermic <\/em>collecte cependant des donn\u00e9es relatives \u00e0 la navigation de ses visiteurs, afin d&rsquo;obtenir des statistiques pr\u00e9cises li\u00e9es \u00e0 l&rsquo;utilisation de ce service. Ces donn\u00e9es incluent votre adresse IP, votre fournisseur d&rsquo;acc\u00e8s \u00e0 internet, le navigateur utilis\u00e9, ou encore l&rsquo;heure de vos visites. <em>AmThermic<\/em> utilise un syst\u00e8me de cookies pour enregistrer vos options de navigation.<\/p>\n<p>Vous pouvez d\u00e9sactiver les cookies et effacer ceux pr\u00e9sents sur votre ordinateur, en modifiant les r\u00e9glages de votre navigateur. Consultez la documentation de votre navigateur pour plus d&rsquo;informations.<\/p>\n<p><strong>Directeur d&rsquo;\u00e9dition et de publication<\/strong><\/p>\n<p>Le directeur de publication est Anthony Malinge , repr\u00e9sentant la soci\u00e9t\u00e9 <em>AmThermic<\/em>.<br \/>\nSi\u00e9ge social est bas\u00e9 \u00e0 : 1 rue de Montauban 35360 Landujan, France.<br \/>\nT\u00e9l\u00e9phone : 0665041767<\/p>\n<\/div>\n","protected":false},"excerpt":{"rendered":"<p>\u00c9dition du site AmThermic est un site internet d\u00e9velopp\u00e9 et r\u00e9alis\u00e9 par la soci\u00e9t\u00e9 AmThermic SARL (soci\u00e9t\u00e9 \u00e0 responsabilit\u00e9 limit\u00e9e) au capital de 2000.00 Euros, immatricul\u00e9e au Registre du Commerce et des Soci\u00e9t\u00e9s de Rennes sous le num\u00e9ro Rennes 843 410 069 000 10. Coordonn\u00e9es : AmThermic &#8211; 1 rue de Montauban 35360 Landujan H\u00e9bergement [&hellip;]<\/p>\n","protected":false},"author":1,"featured_media":0,"parent":0,"menu_order":0,"comment_status":"closed","ping_status":"closed","template":"","meta":[],"_links":{"self":[{"href":"https:\/\/www.amthermic.fr\/index.php\/wp-json\/wp\/v2\/pages\/720"}],"collection":[{"href":"https:\/\/www.amthermic.fr\/index.php\/wp-json\/wp\/v2\/pages"}],"about":[{"href":"https:\/\/www.amthermic.fr\/index.php\/wp-json\/wp\/v2\/types\/page"}],"author":[{"embeddable":true,"href":"https:\/\/www.amthermic.fr\/index.php\/wp-json\/wp\/v2\/users\/1"}],"replies":[{"embeddable":true,"href":"https:\/\/www.amthermic.fr\/index.php\/wp-json\/wp\/v2\/comments?post=720"}],"version-history":[{"count":1,"href":"https:\/\/www.amthermic.fr\/index.php\/wp-json\/wp\/v2\/pages\/720\/revisions"}],"predecessor-version":[{"id":721,"href":"https:\/\/www.amthermic.fr\/index.php\/wp-json\/wp\/v2\/pages\/720\/revisions\/721"}],"wp:attachment":[{"href":"https:\/\/www.amthermic.fr\/index.php\/wp-json\/wp\/v2\/media?parent=720"}],"curies":[{"name":"wp","href":"https:\/\/api.w.org\/{rel}","templated":true}]}}